{"id":659,"date":"2022-11-16T21:32:18","date_gmt":"2022-11-17T00:32:18","guid":{"rendered":"https:\/\/patentisa.com\/?page_id=659"},"modified":"2022-11-16T21:51:25","modified_gmt":"2022-11-17T00:51:25","slug":"desenvolva-sua-criatividade","status":"publish","type":"page","link":"https:\/\/patentisa.com\/es\/desenvolva-sua-criatividade\/","title":{"rendered":"Desarrolla tu creatividad"},"content":{"rendered":"<div data-elementor-type=\"wp-page\" data-elementor-id=\"659\" class=\"elementor elementor-659\">\n\t\t\t\t\t\t\t\t\t<section class=\"elementor-section elementor-top-section elementor-element elementor-element-3407993 elementor-section-boxed elementor-section-height-default elementor-section-height-default\" data-id=\"3407993\" data-element_type=\"section\" data-settings=\"{&quot;background_background&quot;:&quot;classic&quot;}\">\n\t\t\t\t\t\t\t<div class=\"elementor-background-overlay\"><\/div>\n\t\t\t\t\t\t\t<div class=\"elementor-container elementor-column-gap-default\">\n\t\t\t\t\t<div class=\"elementor-column elementor-col-100 elementor-top-column elementor-element elementor-element-1a97cd0\" data-id=\"1a97cd0\" data-element_type=\"column\">\n\t\t\t<div class=\"elementor-widget-wrap elementor-element-populated\">\n\t\t\t\t\t\t\t\t<div class=\"elementor-element elementor-element-72cac6b elementor-widget elementor-widget-heading\" data-id=\"72cac6b\" data-element_type=\"widget\" data-widget_type=\"heading.default\">\n\t\t\t\t<div class=\"elementor-widget-container\">\n\t\t\t<style>\/*! elementor - v3.6.2 - 04-04-2022 *\/\n.elementor-heading-title{padding:0;margin:0;line-height:1}.elementor-widget-heading .elementor-heading-title[class*=elementor-size-]>a{color:inherit;font-size:inherit;line-height:inherit}.elementor-widget-heading .elementor-heading-title.elementor-size-small{font-size:15px}.elementor-widget-heading .elementor-heading-title.elementor-size-medium{font-size:19px}.elementor-widget-heading .elementor-heading-title.elementor-size-large{font-size:29px}.elementor-widget-heading .elementor-heading-title.elementor-size-xl{font-size:39px}.elementor-widget-heading .elementor-heading-title.elementor-size-xxl{font-size:59px}<\/style><h2 class=\"elementor-heading-title elementor-size-default\">Desenvolva sua criatividade<\/h2>\t\t<\/div>\n\t\t\t\t<\/div>\n\t\t\t\t<div class=\"elementor-element elementor-element-6eab7e0 elementor-widget elementor-widget-text-editor\" data-id=\"6eab7e0\" data-element_type=\"widget\" data-widget_type=\"text-editor.default\">\n\t\t\t\t<div class=\"elementor-widget-container\">\n\t\t\t<style>\/*! elementor - v3.6.2 - 04-04-2022 *\/\n.elementor-widget-text-editor.elementor-drop-cap-view-stacked .elementor-drop-cap{background-color:#818a91;color:#fff}.elementor-widget-text-editor.elementor-drop-cap-view-framed .elementor-drop-cap{color:#818a91;border:3px solid;background-color:transparent}.elementor-widget-text-editor:not(.elementor-drop-cap-view-default) .elementor-drop-cap{margin-top:8px}.elementor-widget-text-editor:not(.elementor-drop-cap-view-default) .elementor-drop-cap-letter{width:1em;height:1em}.elementor-widget-text-editor .elementor-drop-cap{float:left;text-align:center;line-height:1;font-size:50px}.elementor-widget-text-editor .elementor-drop-cap-letter{display:inline-block}<\/style>\t\t\t\t<p>&#8220;A CRIATIVIDADE \u00e9 sua. A PATENTISA protege com seguran\u00e7a o seu projeto&#8221;<\/p>\t\t\t\t\t\t<\/div>\n\t\t\t\t<\/div>\n\t\t\t\t\t<\/div>\n\t\t<\/div>\n\t\t\t\t\t\t\t<\/div>\n\t\t<\/section>\n\t\t\t\t<section class=\"elementor-section elementor-top-section elementor-element elementor-element-712d837 elementor-section-boxed elementor-section-height-default elementor-section-height-default\" data-id=\"712d837\" data-element_type=\"section\">\n\t\t\t\t\t\t\t<div class=\"elementor-background-overlay\"><\/div>\n\t\t\t\t\t\t\t<div class=\"elementor-container elementor-column-gap-default\">\n\t\t\t\t\t<div class=\"elementor-column elementor-col-100 elementor-top-column elementor-element elementor-element-464791b\" data-id=\"464791b\" data-element_type=\"column\">\n\t\t\t<div class=\"elementor-widget-wrap elementor-element-populated\">\n\t\t\t\t\t\t\t\t<div class=\"elementor-element elementor-element-a645f24 elementor-widget elementor-widget-text-editor\" data-id=\"a645f24\" data-element_type=\"widget\" data-widget_type=\"text-editor.default\">\n\t\t\t\t<div class=\"elementor-widget-container\">\n\t\t\t\t\t\t\t\t\t\t\t\t\t<\/div>\n\t\t\t\t<\/div>\n\t\t\t\t<div class=\"elementor-element elementor-element-e6b3f06 elementor-widget elementor-widget-text-editor\" data-id=\"e6b3f06\" data-element_type=\"widget\" data-widget_type=\"text-editor.default\">\n\t\t\t\t<div class=\"elementor-widget-container\">\n\t\t\t\t\t\t\t<p>As boas id\u00e9ias dependem de suas boas conex\u00f5es. J\u00e1 est\u00e1 muito bem provado que as grandes redes sociais estimulam ativamente a criatividade humana. Portanto fa\u00e7a uso dessas redes \u00e0 vontade.<\/p><p><span style=\"color: var( --e-global-color-text ); font-family: var( --e-global-typography-text-font-family ), Sans-serif; font-weight: var( --e-global-typography-text-font-weight );\">Curta e troque id\u00e9ias com seus amigos e parceiros. Talvez possa aparecer \u00e0quela informa\u00e7\u00e3o que far\u00e1 voc\u00ea concluir aquele projeto que est\u00e1 na sua cabe\u00e7a h\u00e1 muito tempo, uma boa ideia para a sua marca, seu logotipo, sua logomarca e suas inova\u00e7\u00f5es (patentes e desenhos industriais).<\/span><\/p><p><span style=\"color: var( --e-global-color-text ); font-family: var( --e-global-typography-text-font-family ), Sans-serif; font-weight: var( --e-global-typography-text-font-weight );\">A CRIATIVIDADE \u00e9 sua. A PATENTISA protege com seguran\u00e7a o seu projeto. Lembre-se que a PATENTISA est\u00e1 sempre ao seu lado no seu caminho para o sucesso.<\/span><\/p>\t\t\t\t\t\t<\/div>\n\t\t\t\t<\/div>\n\t\t\t\t\t<\/div>\n\t\t<\/div>\n\t\t\t\t\t\t\t<\/div>\n\t\t<\/section>\n\t\t\t\t\t\t\t<\/div>","protected":false},"excerpt":{"rendered":"<p>Desenvolva sua criatividade &#8220;A CRIATIVIDADE \u00e9 sua. A PATENTISA protege com seguran\u00e7a o seu projeto&#8221; As boas id\u00e9ias dependem de suas boas conex\u00f5es. J\u00e1 est\u00e1 muito bem provado que as grandes redes sociais estimulam ativamente a criatividade humana. Portanto fa\u00e7a uso dessas redes \u00e0 vontade. Curta e troque id\u00e9ias com seus amigos e parceiros. Talvez possa aparecer \u00e0quela informa\u00e7\u00e3o que [&hellip;]<\/p>","protected":false},"author":1,"featured_media":0,"parent":0,"menu_order":0,"comment_status":"closed","ping_status":"closed","template":"elementor_header_footer","meta":{"footnotes":""},"_links":{"self":[{"href":"https:\/\/patentisa.com\/es\/wp-json\/wp\/v2\/pages\/659"}],"collection":[{"href":"https:\/\/patentisa.com\/es\/wp-json\/wp\/v2\/pages"}],"about":[{"href":"https:\/\/patentisa.com\/es\/wp-json\/wp\/v2\/types\/page"}],"author":[{"embeddable":true,"href":"https:\/\/patentisa.com\/es\/wp-json\/wp\/v2\/users\/1"}],"replies":[{"embeddable":true,"href":"https:\/\/patentisa.com\/es\/wp-json\/wp\/v2\/comments?post=659"}],"version-history":[{"count":21,"href":"https:\/\/patentisa.com\/es\/wp-json\/wp\/v2\/pages\/659\/revisions"}],"predecessor-version":[{"id":682,"href":"https:\/\/patentisa.com\/es\/wp-json\/wp\/v2\/pages\/659\/revisions\/682"}],"wp:attachment":[{"href":"https:\/\/patentisa.com\/es\/wp-json\/wp\/v2\/media?parent=659"}],"curies":[{"name":"wp","href":"https:\/\/api.w.org\/{rel}","templated":true}]}}